{"id":38,"date":"2014-09-21T20:10:26","date_gmt":"2014-09-21T18:10:26","guid":{"rendered":"http:\/\/westerhold.keinspam.com\/?page_id=38"},"modified":"2014-09-30T08:09:54","modified_gmt":"2014-09-30T06:09:54","slug":"service","status":"publish","type":"page","link":"https:\/\/www.westerhold.de\/?page_id=38","title":{"rendered":"Service"},"content":{"rendered":"<table border=\"0\" width=\"1024\">\n<tbody>\n<tr>\n<td><span style=\"font-family: Arial;\"><b>Notfall Hilfe<\/b><\/p>\n<p>Unsere Kunden wissen, dass sie sich jederzeit \u00fcber Telefon, Internet oder Post in allen Versicherungsfragen an uns wenden k\u00f6nnen.<\/p>\n<p>Rund um die Uhr !<\/p>\n<p>Sie sind noch nicht unser Kunde ? Kommt f\u00fcr Sie bei der Abwicklung Ihrer Versicherungsangelegenheiten der &#8222;Wind&#8220; von vorne ?<\/span><\/td>\n<\/tr>\n<tr>\n<td height=\"236\">\n<div>\n<p align=\"center\"><a href=\"http:\/\/www.unwetterzentrale.de\" target=\"_blank\"><img loading=\"lazy\" class=\"alignleft\" src=\"http:\/\/www.westerhold.de\/deutschland_preview.JPG\" alt=\"Aktuelle Unwetterwarnungen f\u00fcr Deutschland\" width=\"213\" height=\"211\" align=\"middle\" hspace=\"6\" \/><\/a><\/p>\n<\/div>\n<\/td>\n<\/tr>\n<tr>\n<td height=\"259\"><span style=\"font-family: Arial;\">Wir beraten, im Rahmen unserer M\u00f6glichkeiten, auch die Menschen, die von Versicherungssch\u00e4den oder Schwierigkeiten mit Ihrem Versicherungsunternehmen betroffen sind und noch nicht Kunde unseres Hauses sind.<\/p>\n<p>Wir machen das gerne und, vor allen Dingen, kostenfrei !<\/p>\n<p>Bitte wenden Sie sich vertrauensvoll an und.<\/p>\n<p>Telefon 0521 911 030<\/span><\/td>\n<\/tr>\n<\/tbody>\n<\/table>\n<p>&nbsp;<\/p>\n","protected":false},"excerpt":{"rendered":"<p>Notfall Hilfe Unsere Kunden wissen, dass sie sich jederzeit \u00fcber Telefon, Internet oder Post in allen Versicherungsfragen an uns wenden k\u00f6nnen. Rund um die Uhr ! Sie sind noch nicht unser Kunde ? Kommt f\u00fcr Sie bei der Abwicklung Ihrer <a class=\"more-link\" href=\"https:\/\/www.westerhold.de\/?page_id=38\">weiterlesen  <span class=\"screen-reader-text\">  Service<\/span><span class=\"meta-nav\">&rarr;<\/span><\/a><\/p>\n","protected":false},"author":3,"featured_media":0,"parent":0,"menu_order":0,"comment_status":"closed","ping_status":"closed","template":"","meta":[],"_links":{"self":[{"href":"https:\/\/www.westerhold.de\/index.php?rest_route=\/wp\/v2\/pages\/38"}],"collection":[{"href":"https:\/\/www.westerhold.de\/index.php?rest_route=\/wp\/v2\/pages"}],"about":[{"href":"https:\/\/www.westerhold.de\/index.php?rest_route=\/wp\/v2\/types\/page"}],"author":[{"embeddable":true,"href":"https:\/\/www.westerhold.de\/index.php?rest_route=\/wp\/v2\/users\/3"}],"replies":[{"embeddable":true,"href":"https:\/\/www.westerhold.de\/index.php?rest_route=%2Fwp%2Fv2%2Fcomments&post=38"}],"version-history":[{"count":3,"href":"https:\/\/www.westerhold.de\/index.php?rest_route=\/wp\/v2\/pages\/38\/revisions"}],"predecessor-version":[{"id":85,"href":"https:\/\/www.westerhold.de\/index.php?rest_route=\/wp\/v2\/pages\/38\/revisions\/85"}],"wp:attachment":[{"href":"https:\/\/www.westerhold.de\/index.php?rest_route=%2Fwp%2Fv2%2Fmedia&parent=38"}],"curies":[{"name":"wp","href":"https:\/\/api.w.org\/{rel}","templated":true}]}}