{"id":36,"date":"2014-09-21T20:10:10","date_gmt":"2014-09-21T18:10:10","guid":{"rendered":"http:\/\/westerhold.keinspam.com\/?page_id=36"},"modified":"2014-09-30T08:39:06","modified_gmt":"2014-09-30T06:39:06","slug":"unsere-agentur","status":"publish","type":"page","link":"https:\/\/www.westerhold.de\/?page_id=36","title":{"rendered":"Unsere Agentur"},"content":{"rendered":"<p>&nbsp;<\/p>\n<table>\n<tbody>\n<tr>\n<td><a href=\"http:\/\/westerhold.keinspam.com\/wp-content\/uploads\/2014\/09\/DSCI2040.jpg\"><img loading=\"lazy\" class=\"alignnone  wp-image-90\" src=\"http:\/\/westerhold.keinspam.com\/wp-content\/uploads\/2014\/09\/DSCI2040-300x225.jpg\" alt=\"DSCI2040\" width=\"300\" height=\"228\" \/><\/a><\/td>\n<td style=\"text-align: left;\">So sieht unsere Agentur von au\u00dfen aus<\/td>\n<\/tr>\n<tr>\n<td><a href=\"http:\/\/westerhold.keinspam.com\/wp-content\/uploads\/2014\/09\/IMAG0197.jpg\"><img loading=\"lazy\" class=\"alignnone size-medium wp-image-89\" src=\"http:\/\/westerhold.keinspam.com\/wp-content\/uploads\/2014\/09\/IMAG0197-300x200.jpg\" alt=\"IMAG0197\" width=\"300\" height=\"200\" srcset=\"https:\/\/www.westerhold.de\/wp-content\/uploads\/2014\/09\/IMAG0197-300x200.jpg 300w, https:\/\/www.westerhold.de\/wp-content\/uploads\/2014\/09\/IMAG0197.jpg 640w\" sizes=\"(max-width: 300px) 100vw, 300px\" \/><\/a><\/td>\n<td>Hier kann man den Kopf frei bekommen f\u00fcr neue Ideen.<\/td>\n<\/tr>\n<tr>\n<td><a href=\"http:\/\/westerhold.keinspam.com\/wp-content\/uploads\/2014\/09\/DSCI2041.jpg\"><img loading=\"lazy\" class=\"alignnone size-medium wp-image-91\" src=\"http:\/\/westerhold.keinspam.com\/wp-content\/uploads\/2014\/09\/DSCI2041-300x225.jpg\" alt=\"DSCI2041\" width=\"300\" height=\"225\" srcset=\"https:\/\/www.westerhold.de\/wp-content\/uploads\/2014\/09\/DSCI2041-300x225.jpg 300w, https:\/\/www.westerhold.de\/wp-content\/uploads\/2014\/09\/DSCI2041.jpg 640w\" sizes=\"(max-width: 300px) 100vw, 300px\" \/><\/a><\/td>\n<td>Herzlich willkommen im Herzst\u00fcck unserer Agentur<\/td>\n<\/tr>\n<\/tbody>\n<\/table>\n<p>&nbsp;<\/p>\n","protected":false},"excerpt":{"rendered":"<p>&nbsp; So sieht unsere Agentur von au\u00dfen aus Hier kann man den Kopf frei bekommen f\u00fcr neue Ideen. Herzlich willkommen im Herzst\u00fcck unserer Agentur &nbsp;<\/p>\n","protected":false},"author":3,"featured_media":0,"parent":0,"menu_order":0,"comment_status":"closed","ping_status":"closed","template":"","meta":[],"_links":{"self":[{"href":"https:\/\/www.westerhold.de\/index.php?rest_route=\/wp\/v2\/pages\/36"}],"collection":[{"href":"https:\/\/www.westerhold.de\/index.php?rest_route=\/wp\/v2\/pages"}],"about":[{"href":"https:\/\/www.westerhold.de\/index.php?rest_route=\/wp\/v2\/types\/page"}],"author":[{"embeddable":true,"href":"https:\/\/www.westerhold.de\/index.php?rest_route=\/wp\/v2\/users\/3"}],"replies":[{"embeddable":true,"href":"https:\/\/www.westerhold.de\/index.php?rest_route=%2Fwp%2Fv2%2Fcomments&post=36"}],"version-history":[{"count":3,"href":"https:\/\/www.westerhold.de\/index.php?rest_route=\/wp\/v2\/pages\/36\/revisions"}],"predecessor-version":[{"id":94,"href":"https:\/\/www.westerhold.de\/index.php?rest_route=\/wp\/v2\/pages\/36\/revisions\/94"}],"wp:attachment":[{"href":"https:\/\/www.westerhold.de\/index.php?rest_route=%2Fwp%2Fv2%2Fmedia&parent=36"}],"curies":[{"name":"wp","href":"https:\/\/api.w.org\/{rel}","templated":true}]}}