{"id":34,"date":"2014-09-21T20:09:47","date_gmt":"2014-09-21T18:09:47","guid":{"rendered":"http:\/\/westerhold.keinspam.com\/?page_id=34"},"modified":"2014-09-30T08:47:16","modified_gmt":"2014-09-30T06:47:16","slug":"partner","status":"publish","type":"page","link":"https:\/\/www.westerhold.de\/?page_id=34","title":{"rendered":"Unsere Partner"},"content":{"rendered":"<table style=\"height: 2007px;\" width=\"636\">\n<tbody>\n<tr>\n<td><a href=\"http:\/\/westerhold.keinspam.com\/wp-content\/uploads\/2014\/09\/N\u00b3rnberger-Logo.png\"><img loading=\"lazy\" class=\"alignnone size-full wp-image-77\" src=\"http:\/\/westerhold.keinspam.com\/wp-content\/uploads\/2014\/09\/N\u00b3rnberger-Logo.png\" alt=\"N\u00b3rnberger Logo\" width=\"78\" height=\"89\" \/><\/a><\/td>\n<td><a href=\"http:\/\/westerhold.keinspam.com\/wp-content\/uploads\/2014\/09\/N\u00b3rnberger-Logo.png\"><img loading=\"lazy\" class=\"alignnone size-full wp-image-77\" src=\"http:\/\/westerhold.keinspam.com\/wp-content\/uploads\/2014\/09\/N\u00b3rnberger-Logo.png\" alt=\"N\u00b3rnberger Logo\" width=\"78\" height=\"89\" \/><\/a><\/td>\n<\/tr>\n<tr>\n<td><span style=\"font-family: Arial;\"><strong> N\u00fcrnberger Allgemeine Versicherung AG<\/strong><br \/>\nOstendstr. 100 * 90334 N\u00fcrnberg<br \/>\nTel: 0911-5315 * Fax: 0911-53132063206<br \/>\nE-Mail: <a href=\"mailto:info@nuernberger.de\">info@nuernberger.de<\/a><br \/>\n<a href=\"http:\/\/www.nuernberger.de\">www.nuernberger.de<\/a><\/span><\/td>\n<td><span style=\"font-family: Arial;\"><strong> N\u00fcrnberger Lebensversicherung AG<\/strong><br \/>\nOstendstr. 100 * 90334 N\u00fcrnberg<br \/>\nTel: 0911-5315 * Fax: 0911-53132063206<br \/>\nE-Mail: <a href=\"mailto:info@nuernberger.de\">info@nuernberger.de<\/a><br \/>\n<a href=\"http:\/\/www.nuernberger.de\">www.nuernberger.de<\/a><\/span><\/td>\n<\/tr>\n<tr>\n<td><a href=\"http:\/\/westerhold.keinspam.com\/wp-content\/uploads\/2014\/09\/Garanta-Logo.png\"><img loading=\"lazy\" class=\"alignnone size-full wp-image-66\" src=\"http:\/\/westerhold.keinspam.com\/wp-content\/uploads\/2014\/09\/Garanta-Logo.png\" alt=\"Garanta Logo\" width=\"192\" height=\"89\" \/><\/a><\/td>\n<td><a href=\"http:\/\/westerhold.keinspam.com\/wp-content\/uploads\/2014\/09\/Logo_Stuttgarter.gif\"><img loading=\"lazy\" class=\"alignnone  wp-image-75\" src=\"http:\/\/westerhold.keinspam.com\/wp-content\/uploads\/2014\/09\/Logo_Stuttgarter.gif\" alt=\"Logo_Stuttgarter\" width=\"237\" height=\"91\" \/><\/a><\/td>\n<\/tr>\n<tr>\n<td><span style=\"font-family: Arial;\"><strong> Garanta Versicherungs AG<\/strong><br \/>\nOstendstr. 100 * 90334 N\u00fcrnberg<br \/>\nTel: 0911-5315 * Fax: 0911-53132063206<br \/>\nE-Mail: <a href=\"mailto:info@garanta.de\">info@garanta.de<\/a><br \/>\n<a href=\"http:\/\/www.garanta.de\">www.garanta.de<\/a><\/span><\/td>\n<td><span style=\"font-family: Arial;\"><strong> Stuttgarter Versicherung AG<\/strong><br \/>\nRoteb\u00fchlstr. 120\u00a0* 70197 Stuttgart<br \/>\nTel: 0711-66566 * Fax: 0711-6651516<br \/>\nE-Mail: <a href=\"mailto:info@familienschutz.de\">info@familienschutz.de<\/a><br \/>\n<a href=\"http:\/\/www.familienschutz.de\">www.familienschutz.de<\/a><\/span><\/td>\n<\/tr>\n<tr>\n<td><a href=\"http:\/\/westerhold.keinspam.com\/wp-content\/uploads\/2014\/09\/Logo_Stuttgarter.gif\"><img loading=\"lazy\" class=\"alignnone  wp-image-75\" src=\"http:\/\/westerhold.keinspam.com\/wp-content\/uploads\/2014\/09\/Logo_Stuttgarter.gif\" alt=\"Logo_Stuttgarter\" width=\"246\" height=\"93\" \/><\/a><\/td>\n<td><a href=\"http:\/\/westerhold.keinspam.com\/wp-content\/uploads\/2014\/09\/Logo_Stuttgarter.gif\"><img loading=\"lazy\" class=\"alignnone  wp-image-75\" src=\"http:\/\/westerhold.keinspam.com\/wp-content\/uploads\/2014\/09\/Logo_Stuttgarter.gif\" alt=\"Logo_Stuttgarter\" width=\"249\" height=\"94\" \/><\/a><\/td>\n<\/tr>\n<tr>\n<td><span style=\"font-family: Arial;\"><strong> PLUS Lebensversicherung AG<\/strong><br \/>\nRoteb\u00fchlstr. 120\u00a0* 70197 Stuttgart<br \/>\nTel: 0711-66566 * Fax: 0711-6651516<br \/>\nE-Mail: <a href=\"mailto:info@familienschutz.de\">info@familienschutz.de<\/a><br \/>\n<a href=\"http:\/\/www.familienschutz.de\">www.familienschutz.de<\/a><\/span><\/td>\n<td><span style=\"font-family: Arial;\"><strong> Stuttgarter Lebensversicherung a. G.<\/strong><br \/>\nRoteb\u00fchlstr. 120\u00a0* 70197 Stuttgart<br \/>\nTel: 0711-66566 * Fax: 0711-6651516<br \/>\nE-Mail: <a href=\"mailto:info@familienschutz.de\">info@familienschutz.de<\/a><br \/>\n<a href=\"http:\/\/www.familienschutz.de\">www.familienschutz.de<\/a><\/span><\/td>\n<\/tr>\n<tr>\n<td><a href=\"http:\/\/westerhold.keinspam.com\/wp-content\/uploads\/2014\/09\/AXA_Sign-li_RGB300.jpg\"><img loading=\"lazy\" class=\"alignnone size-medium wp-image-64\" src=\"http:\/\/westerhold.keinspam.com\/wp-content\/uploads\/2014\/09\/AXA_Sign-li_RGB300-300x54.jpg\" alt=\"AXA_Sign-li_RGB300\" width=\"300\" height=\"54\" srcset=\"https:\/\/www.westerhold.de\/wp-content\/uploads\/2014\/09\/AXA_Sign-li_RGB300-300x54.jpg 300w, https:\/\/www.westerhold.de\/wp-content\/uploads\/2014\/09\/AXA_Sign-li_RGB300-1024x186.jpg 1024w\" sizes=\"(max-width: 300px) 100vw, 300px\" \/><\/a><\/td>\n<td><a href=\"http:\/\/westerhold.keinspam.com\/wp-content\/uploads\/2014\/09\/NRV-Logo.png\"><img loading=\"lazy\" class=\"alignnone size-full wp-image-61\" src=\"http:\/\/westerhold.keinspam.com\/wp-content\/uploads\/2014\/09\/NRV-Logo.png\" alt=\"NRV Logo\" width=\"184\" height=\"79\" \/><\/a><\/td>\n<\/tr>\n<tr>\n<td><span style=\"font-family: Arial;\"><strong> AXA Versicherungs AG<\/strong><br \/>\nColonia Allee 10<br \/>\n51067 K\u00f6ln<br \/>\n<a href=\"http:\/\/www.axa.de\">www.axa.de<\/a><\/span><\/td>\n<td><span style=\"font-family: Arial;\"><strong> Neue Rechtsschutz Versicherungsgesellschaft AG<br \/>\n<\/strong>Augustaanlage 25<br \/>\n68165 Mannheim<\/span><\/td>\n<\/tr>\n<tr>\n<td><a href=\"http:\/\/westerhold.keinspam.com\/wp-content\/uploads\/2014\/09\/HanseMerkur-logo.png\"><img loading=\"lazy\" class=\"alignnone  wp-image-69\" src=\"http:\/\/westerhold.keinspam.com\/wp-content\/uploads\/2014\/09\/HanseMerkur-logo.png\" alt=\"HanseMerkur logo\" width=\"291\" height=\"85\" \/><\/a><\/td>\n<td><a href=\"http:\/\/westerhold.keinspam.com\/wp-content\/uploads\/2014\/09\/deurag_logo.gif\"><img loading=\"lazy\" class=\"alignnone size-full wp-image-65\" src=\"http:\/\/westerhold.keinspam.com\/wp-content\/uploads\/2014\/09\/deurag_logo.gif\" alt=\"deurag_logo\" width=\"139\" height=\"94\" \/><\/a><\/td>\n<\/tr>\n<tr>\n<td><span style=\"font-family: Arial;\"><strong> Hanse Merkur Versicherung AG<\/strong><br \/>\nSiegfried-Wedells-Platz 1<br \/>\n20354 Hamburg<br \/>\nTel.: 040-41190<br \/>\nFax: 040 41193257<br \/>\nE-Mail: <a href=\"mailto:info@hansemerkur.de\">info@hansemerkur.de<\/a><br \/>\n<a href=\"http:\/\/www.hansemerkur.de\">www.hansemerkur.de<\/a><\/span><\/td>\n<td><span style=\"font-family: Arial;\"><strong>Deurag Deutsche Rechtsschutzversicherung AG<\/strong><br \/>\nAbraham-Lincoln-Str. 3<br \/>\n65189 Wiesbaden<br \/>\nE-Mail: <a title=\"info@deurag.de\" href=\"mailto:info@deurag.de\">info@deurag.de<\/a><br \/>\n<a href=\"http:\/\/www.deurag.de\">www.deurag.de<\/a><\/span><\/td>\n<\/tr>\n<tr>\n<td><a href=\"http:\/\/westerhold.keinspam.com\/wp-content\/uploads\/2014\/09\/Logo-Gothaer.gif\"><img loading=\"lazy\" class=\"alignnone size-full wp-image-73\" src=\"http:\/\/westerhold.keinspam.com\/wp-content\/uploads\/2014\/09\/Logo-Gothaer.gif\" alt=\"Logo Gothaer\" width=\"116\" height=\"116\" \/><\/a><\/td>\n<td><a href=\"http:\/\/westerhold.keinspam.com\/wp-content\/uploads\/2014\/09\/Ideal-logo.gif\"><img loading=\"lazy\" class=\"alignnone  wp-image-71\" src=\"http:\/\/westerhold.keinspam.com\/wp-content\/uploads\/2014\/09\/Ideal-logo.gif\" alt=\"Ideal logo\" width=\"194\" height=\"94\" \/><\/a><\/td>\n<\/tr>\n<tr>\n<td><span style=\"font-family: Arial;\"><strong> Gothaer Versicherungs AG<\/strong><br \/>\nArnoldiplatz 1<br \/>\n50969 K\u00f6ln<br \/>\nTel. 0221-30800 * Fax. 0221-308103<br \/>\n<a href=\"http:\/\/www.gothaer.de\">www.gothaer.de<\/a><\/span><\/td>\n<td><span style=\"font-family: Arial;\"><strong> Ideal Lebensversicherung AG<\/strong><br \/>\nKochstr. 66<br \/>\n10969 Berlin<br \/>\nTel. 030 25870 * Fax. 030 258780<br \/>\nE-Mail. <a href=\"mailto:info@ideal-versicherung.de\"> info@ideal-versicherung.de<\/a><br \/>\n<a href=\"http:\/\/www.ideal-versicherung.de\">www.ideal-versicherung.de<\/a><\/span><\/td>\n<\/tr>\n<tr>\n<td><span style=\"font-family: Arial;\"><span style=\"font-family: Arial;\"><strong>Brunsviga Lebensversicherung AG<\/strong><br \/>\nSiegfried-Weddels-Platz 1<br \/>\n20354 Hamburg<br \/>\nTelefon: 040-41197068<br \/>\nTelefax: 040-41193434<br \/>\n<a href=\"http:\/\/www.brunsviga.de\">www.brunsviga.de<\/a><\/span><\/span>&nbsp;<\/td>\n<td><\/td>\n<\/tr>\n<tr>\n<td colspan=\"2\"><span style=\"font-family: Arial;\"><strong>Wichtiger Hinweis !<\/strong><br \/>\nAlle obigen Angaben k\u00f6nnen seitens der Gesellschaften jederzeit ge\u00e4ndert werden.<br \/>\nDaher kann diesbez\u00fcglich <span style=\"text-decoration: underline;\">keine Gew\u00e4hr<\/span> f\u00fcr die Richtigkeit der Angaben \u00fcbernommen werden.<\/span><\/td>\n<\/tr>\n<\/tbody>\n<\/table>\n<p>&nbsp;<\/p>\n","protected":false},"excerpt":{"rendered":"<p>N\u00fcrnberger Allgemeine Versicherung AG Ostendstr. 100 * 90334 N\u00fcrnberg Tel: 0911-5315 * Fax: 0911-53132063206 E-Mail: info@nuernberger.de www.nuernberger.de N\u00fcrnberger Lebensversicherung AG Ostendstr. 100 * 90334 N\u00fcrnberg Tel: 0911-5315 * Fax: 0911-53132063206 E-Mail: info@nuernberger.de www.nuernberger.de Garanta Versicherungs AG Ostendstr. 100 * 90334 <a class=\"more-link\" href=\"https:\/\/www.westerhold.de\/?page_id=34\">weiterlesen  <span class=\"screen-reader-text\">  Unsere Partner<\/span><span class=\"meta-nav\">&rarr;<\/span><\/a><\/p>\n","protected":false},"author":3,"featured_media":0,"parent":0,"menu_order":0,"comment_status":"closed","ping_status":"closed","template":"","meta":[],"_links":{"self":[{"href":"https:\/\/www.westerhold.de\/index.php?rest_route=\/wp\/v2\/pages\/34"}],"collection":[{"href":"https:\/\/www.westerhold.de\/index.php?rest_route=\/wp\/v2\/pages"}],"about":[{"href":"https:\/\/www.westerhold.de\/index.php?rest_route=\/wp\/v2\/types\/page"}],"author":[{"embeddable":true,"href":"https:\/\/www.westerhold.de\/index.php?rest_route=\/wp\/v2\/users\/3"}],"replies":[{"embeddable":true,"href":"https:\/\/www.westerhold.de\/index.php?rest_route=%2Fwp%2Fv2%2Fcomments&post=34"}],"version-history":[{"count":5,"href":"https:\/\/www.westerhold.de\/index.php?rest_route=\/wp\/v2\/pages\/34\/revisions"}],"predecessor-version":[{"id":95,"href":"https:\/\/www.westerhold.de\/index.php?rest_route=\/wp\/v2\/pages\/34\/revisions\/95"}],"wp:attachment":[{"href":"https:\/\/www.westerhold.de\/index.php?rest_route=%2Fwp%2Fv2%2Fmedia&parent=34"}],"curies":[{"name":"wp","href":"https:\/\/api.w.org\/{rel}","templated":true}]}}