{"id":32,"date":"2014-09-21T20:09:26","date_gmt":"2014-09-21T18:09:26","guid":{"rendered":"http:\/\/westerhold.keinspam.com\/?page_id=32"},"modified":"2014-09-30T08:06:09","modified_gmt":"2014-09-30T06:06:09","slug":"das-sind-wir","status":"publish","type":"page","link":"https:\/\/www.westerhold.de\/?page_id=32","title":{"rendered":"Das sind wir"},"content":{"rendered":"<p><span style=\"font-family: Arial;\">Unser Unternehmen ist der Tradition verpflichtet immer das Beste f\u00fcr seine Kunden zu tun. Doch alle Tradition ist nichts ohne Innovation und Motivation.<\/p>\n<p>Wir sehen es als unsere Aufgabe, unseren und Kunden und Ihren Bed\u00fcrfnissen gerecht zu werden. Bei uns k\u00f6nnen Sie darauf z\u00e4hlen, dass Ihre Interessen im Vordergrund stehen. Wir bieten Ihnen bestm\u00f6gliche Beratung. Unsere Mitarbeiter werden dahingehend laufend geschult um stets auf dem neuesten Stand zu sein.<\/p>\n<p>Wir lassen niemanden im Regen stehen, auf uns ist Verlass. Bei uns sprechen Sie nicht mit irgendwelchen Anrufmaschinen. F\u00fcr uns ist der pers\u00f6nliche Kontakt zu unseren Kunden Grundlage des Gesch\u00e4fts und das zum beiderseitigen Nutzen.<\/span><\/p>\n<p><span style=\"font-family: Arial;\">Unsere Philosophie hei\u00dft: Der Kunde ist K\u00f6nig und das erf\u00fcllen wir jeden Tag. Nur gemeinsam kann man Ziele erreichen und unser Ziel ist es, dass Sie als unser Kunde immer das beruhigende Gef\u00fchl haben k\u00f6nnen, bestens aufgehoben zu sein und f\u00fcr alle Unw\u00e4gbarkeiten einen kompetenten Ansprechpartner zu haben. Daf\u00fcr stehen wir mit unserem guten Namen.<\/span><\/p>\n<p><span style=\"font-family: Arial;\">Fordern Sie uns heraus. Unser kompetentes Team steht Ihnen gerne mit Rat und Tat zu Seite.<\/span><\/p>\n","protected":false},"excerpt":{"rendered":"<p>Unser Unternehmen ist der Tradition verpflichtet immer das Beste f\u00fcr seine Kunden zu tun. Doch alle Tradition ist nichts ohne Innovation und Motivation. Wir sehen es als unsere Aufgabe, unseren und Kunden und Ihren Bed\u00fcrfnissen gerecht zu werden. Bei uns <a class=\"more-link\" href=\"https:\/\/www.westerhold.de\/?page_id=32\">weiterlesen  <span class=\"screen-reader-text\">  Das sind wir<\/span><span class=\"meta-nav\">&rarr;<\/span><\/a><\/p>\n","protected":false},"author":3,"featured_media":0,"parent":0,"menu_order":0,"comment_status":"closed","ping_status":"closed","template":"","meta":[],"_links":{"self":[{"href":"https:\/\/www.westerhold.de\/index.php?rest_route=\/wp\/v2\/pages\/32"}],"collection":[{"href":"https:\/\/www.westerhold.de\/index.php?rest_route=\/wp\/v2\/pages"}],"about":[{"href":"https:\/\/www.westerhold.de\/index.php?rest_route=\/wp\/v2\/types\/page"}],"author":[{"embeddable":true,"href":"https:\/\/www.westerhold.de\/index.php?rest_route=\/wp\/v2\/users\/3"}],"replies":[{"embeddable":true,"href":"https:\/\/www.westerhold.de\/index.php?rest_route=%2Fwp%2Fv2%2Fcomments&post=32"}],"version-history":[{"count":2,"href":"https:\/\/www.westerhold.de\/index.php?rest_route=\/wp\/v2\/pages\/32\/revisions"}],"predecessor-version":[{"id":83,"href":"https:\/\/www.westerhold.de\/index.php?rest_route=\/wp\/v2\/pages\/32\/revisions\/83"}],"wp:attachment":[{"href":"https:\/\/www.westerhold.de\/index.php?rest_route=%2Fwp%2Fv2%2Fmedia&parent=32"}],"curies":[{"name":"wp","href":"https:\/\/api.w.org\/{rel}","templated":true}]}}