{"id":27,"date":"2014-09-21T20:02:09","date_gmt":"2014-09-21T18:02:09","guid":{"rendered":"http:\/\/westerhold.keinspam.com\/?page_id=27"},"modified":"2014-09-21T20:02:09","modified_gmt":"2014-09-21T18:02:09","slug":"impressum","status":"publish","type":"page","link":"https:\/\/www.westerhold.de\/?page_id=27","title":{"rendered":"Impressum"},"content":{"rendered":"<div id=\"imprintBusiness_PreviewImprintPanel\">\n<table border=\"0\" width=\"100%\" cellspacing=\"0\" cellpadding=\"0\">\n<tbody>\n<tr>\n<td class=\"textfett\"><b><span style=\"font-family: Arial; font-size: small;\"> <span id=\"imprintBusiness_PreviewImprintLbl\">Impressum:<\/span><\/span><\/b><\/td>\n<\/tr>\n<tr>\n<td><span style=\"font-family: Arial; font-size: small;\"> <img loading=\"lazy\" src=\"http:\/\/www.westerhold.de\/img\/spacer.gif\" alt=\"\" width=\"1\" height=\"8\" border=\"0\" \/><\/span><\/td>\n<\/tr>\n<tr>\n<td><span style=\"font-family: Arial; font-size: small;\"> <span id=\"imprintBusiness_CompanyLbl\">W. Westerhold Versicherungsagentur GmbH &amp; Co Kg<\/span><\/span><\/td>\n<\/tr>\n<tr>\n<td><span style=\"font-family: Arial; font-size: small;\"> <img loading=\"lazy\" src=\"http:\/\/www.westerhold.de\/img\/spacer.gif\" alt=\"\" width=\"1\" height=\"8\" border=\"0\" \/><\/span><\/td>\n<\/tr>\n<tr>\n<td><span style=\"font-family: Arial; font-size: small;\"> <span id=\"imprintBusiness_StreetWithNrLbl\">Dornberger Str. 274 a<\/span><\/span><\/td>\n<\/tr>\n<tr>\n<td><\/td>\n<\/tr>\n<tr>\n<td><span style=\"font-family: Arial; font-size: small;\"> <span id=\"imprintBusiness_ZipAndCityLbl\">33619 Bielefeld<\/span><\/span><\/td>\n<\/tr>\n<tr>\n<td><span style=\"font-family: Arial; font-size: small;\"> <span id=\"imprintBusiness_CountryLbl\">DE<\/span><\/span><\/td>\n<\/tr>\n<tr>\n<td><span style=\"font-family: Arial; font-size: small;\"> <img loading=\"lazy\" src=\"http:\/\/www.westerhold.de\/img\/spacer.gif\" alt=\"\" width=\"1\" height=\"8\" border=\"0\" \/><\/span><\/td>\n<\/tr>\n<tr>\n<td><span style=\"font-family: Arial; font-size: small;\"> <span id=\"imprintBusiness_AuthorisedRepLblTxt\"> Vertretungsberechtigte:<\/span> <span id=\"imprintBusiness_AuthorisedLbl\">Wulf Westerhold *Gesch\u00e4ftsf\u00fchrer der p.h.G W. Westerhold Agentur GmbH, Dornberger Str. 274 a, 33619 Bielefeld, HRB 36207, AG Bielefeld * Inhaltlich Verantwortlicher gem\u00e4\u00df \u00a7 6 MDStV: Wulf Westerhold <\/span><\/span><\/td>\n<\/tr>\n<tr>\n<td><span style=\"font-family: Arial; font-size: small;\"> <img loading=\"lazy\" src=\"http:\/\/www.westerhold.de\/img\/spacer.gif\" alt=\"\" width=\"1\" height=\"8\" border=\"0\" \/><\/span><\/td>\n<\/tr>\n<tr>\n<td><span style=\"font-family: Arial; font-size: small;\"> <span id=\"imprintBusiness_PhoneLblTxt\">Telefon:<\/span> <span id=\"imprintBusiness_PhoneLbl\">+49 521 911 030 Fax: +49 521 911 03 14 <\/span><\/span><\/td>\n<\/tr>\n<tr>\n<td><span style=\"font-family: Arial; font-size: small;\"> <span id=\"imprintBusiness_EmailLblTxt\">E-Mail:<\/span> <span id=\"imprintBusiness_EmailLbl\"> <a href=\"mailto:info@westerhold.de\">info@westerhold.de<\/a><\/span><\/span><\/td>\n<\/tr>\n<tr>\n<td><span style=\"font-family: Arial; font-size: small;\"> <img loading=\"lazy\" src=\"http:\/\/www.westerhold.de\/img\/spacer.gif\" alt=\"\" width=\"1\" height=\"8\" border=\"0\" \/><\/span><\/td>\n<\/tr>\n<tr>\n<td><span style=\"font-family: Arial; font-size: small;\"> <span id=\"imprintBusiness_TaxNumberLblTxt\">Steuernummer:<\/span> <span id=\"imprintBusiness_TaxNumberLbl\">Ust-IdNR: DE 198951016<\/span><\/span><\/td>\n<\/tr>\n<tr>\n<td><span style=\"font-family: Arial; font-size: small;\"> <span id=\"imprintBusiness_IncorporationLblTxt\"> Handelsregistereintrag:<\/span> <span id=\"imprintBusiness_IncorporationLbl\">HRA 13817<\/span><\/span><\/td>\n<\/tr>\n<tr>\n<td><span style=\"font-family: Arial; font-size: small;\"> <span id=\"imprintBusiness_JurisdictionLblTxt\">Gerichtsstand:<\/span> <span id=\"imprintBusiness_JurisdictionLbl\">AG Bielefeld<\/span><\/span><\/td>\n<\/tr>\n<tr>\n<td><span style=\"font-family: Arial; font-size: small;\"> <img loading=\"lazy\" src=\"http:\/\/www.westerhold.de\/img\/spacer.gif\" alt=\"\" width=\"1\" height=\"16\" border=\"0\" \/><\/span><\/td>\n<\/tr>\n<\/tbody>\n<\/table>\n<\/div>\n<p><span style=\"font-family: Arial;\"> <img loading=\"lazy\" src=\"http:\/\/www.westerhold.de\/img\/spacer.gif\" alt=\"\" width=\"32\" height=\"1\" border=\"0\" \/> <\/span> <span style=\"font-family: Arial; font-size: small;\"><span id=\"imprintBusiness_InfoLblTxt\">Besondere Informationen:<\/span> <span id=\"imprintBusiness_InfoLbl\">Alle Angaben auf unseren Internetseiten unter der Adresse <a href=\"http:\/\/www.westerhold.de\">www.westerhold.de<\/a> wurden nach bestem Wissen und Gewissen gemacht. Eine Gew\u00e4hr f\u00fcr die jederzeitige Richtigkeit dieser Angaben kann jedoch nicht \u00fcbernommen werden.<\/span><\/span><\/p>\n<p><span style=\"font-family: Arial; font-size: small;\"> <span id=\"imprintBusiness_InfoLbl\">Alle Bilder wurden durch unseren Internetprovider als Service zur Verf\u00fcgung gestellt oder sind aus eigener, pers\u00f6nlicher Produktion und daher ebenfalls gesch\u00fctzt. Gesch\u00fctzt sind auch die die Firmenlogos unserer Partnergesellschaften, sowie unser eigenes Logo.<\/p>\n<p>Hinweis:<\/p>\n<p>Auszug aus dem Versicherungsvermittlerregister \u00a7 11 a Gewerbeordnung<\/p>\n<p>Registernummer: D-XYJC-N7AR6-64<br \/>\nDatum der Eintragung: 07.12.2007<br \/>\nFirma: W. Westerhold Agentur GmbH<br \/>\nals gesch\u00e4ftsf\u00fchrende Gesellschaft der<br \/>\nW. Westerhold Versicherungsagentur GmbH<br \/>\n&amp; Co Kg<br \/>\nBetriebsanschrift: Dornberger Str. 274 a, 33619 Bielefeld<br \/>\nStatus: Versicherungsvertreter mit Erlaubnis nach<br \/>\n\u00a7 34d Abs. 1 GewO<br \/>\nGesetzlicher Vertreter: Wulf Westerhold, 33619 Bielefeld<\/p>\n<p>Erlaubnisbeh\u00f6rde:<br \/>\nIHK Ostwestfalen zu Bielefeld<br \/>\nElsa-Br\u00e4ndstr\u00f6m-Str. 3, 33602 Bielefeld<\/p>\n<p>Registrierung erfolgt bei:<\/p>\n<p>Deutscher Industrie- und Handelskammertag (DIHK) e.V.<br \/>\nBreite Str. 29, 10178 Berlin<br \/>\nTel.: 0-180-500 585-0 (14ct\/Min. aus dem deutschen Festnetz, abweichende Preis aus Mobilfunknetzen m\u00f6glich)<br \/>\n<a href=\"http:\/\/www.vermittlerregister.org\">www.vermittlerregister.org<\/a><\/p>\n<p>Schlichtungsstelle gem\u00e4\u00df \u00a7 42k VVG<br \/>\nVersicherungsombudsmann e.V.<br \/>\nPostfach 08 06 32 , 10006 Berlin<\/p>\n<p>Ombudsmann<br \/>\nPrivate Kranken- und Pflegeversicherung<br \/>\nKronenstr. 13, 10117 Berlin<\/p>\n<p>&#8212;&#8212;&#8212;&#8212;&#8212;&#8212;&#8212;&#8212;&#8212;&#8212;&#8212;&#8212;&#8212;&#8212;&#8212;&#8212;&#8212;&#8212;&#8212;&#8212;&#8212;&#8212;&#8211;<\/p>\n<p>Nutzungsbedingungen:<\/p>\n<p>1. Inhalt des Onlineangebotes<br \/>\nDer Autor \u00fcbernimmt keinerlei Gew\u00e4hr f\u00fcr die Aktualit\u00e4t, Korrektheit, Vollst\u00e4ndigkeit oder Qualit\u00e4t der bereitgestellten Informationen. Haftungsanspr\u00fcche gegen den Autor, die sich auf Sch\u00e4den materieller oder ideeller Art beziehen, welche durch die Nutzung oder Nichtnutzung der dargebotenen Informationen bzw. durch die Nutzung fehlerhafter und unvollst\u00e4ndiger Informationen verursacht wurden sind grunds\u00e4tzlich ausgeschlossen, sofern seitens des Autors kein nachweislich vors\u00e4tzliches oder grob fahrl\u00e4ssiges Verschulden vorliegt. Alle Angebote sind freibleibend und unverbindlich. Der Autor beh\u00e4lt es sich ausdr\u00fccklich vor, Teile der Seiten oder das gesamte Angebot ohne gesonderte Ank\u00fcndigung zu ver\u00e4ndern, zu erg\u00e4nzen, zu l\u00f6schen oder die Ver\u00f6ffentlichung zeitweise oder endg\u00fcltig einzustellen.<\/p>\n<p>2. Verweise und Links<br \/>\nBei direkten oder indirekten Verweisen auf fremde Internetseiten (&#8222;Links&#8220;), die au\u00dferhalb des Verantwortungsbereiches des Autors liegen, haftet dieser nur dann, wenn er von den Inhalten Kenntnis hat und es ihm technisch m\u00f6glich und zumutbar w\u00e4re, die Nutzung im Falle rechtswidriger Inhalte zu verhindern. Der Autor erkl\u00e4rt hiermit ausdr\u00fccklich, dass zum Zeitpunkt der Linksetzung die entsprechenden verlinkten Seiten frei von illegalen Inhalten waren. Der Autor erkl\u00e4rt weiterhin, dass er keinerlei Einfluss auf die aktuelle und zuk\u00fcnftige Gestaltung und auf die Inhalte der gelinkten\/verkn\u00fcpften Seiten hat. Deshalb distanziert er sich hiermit ausdr\u00fccklich von allen Inhalten aller gelinkten\/verkn\u00fcpften Seiten, die nach der Linksetzung ver\u00e4ndert wurden. Diese Feststellung gilt f\u00fcr alle innerhalb des eigenen Internetangebotes gesetzten Links und Verweise sowie f\u00fcr Fremdeintr\u00e4ge in vom Autor eingerichteten G\u00e4steb\u00fcchern, Diskussionsforen und Mailinglisten. F\u00fcr illegale, fehlerhafte oder unvollst\u00e4ndige Inhalte und insbesondere f\u00fcr Sch\u00e4den, die aus der Nutzung oder Nichtnutzung solcherart dargebotener Informationen entstehen, haftet allein der Anbieter der Seite, auf welche verwiesen wurde, nicht derjenige, der \u00fcber Links auf die jeweilige Ver\u00f6ffentlichung lediglich hinweist.<\/p>\n<p>3. Urheberrecht<br \/>\nDer Autor ist bestrebt, in allen Publikationen die Urheberrechte der verwendeten Grafiken, Tondokumente, Videosequenzen und Texte zu beachten, von ihm selbst erstellte Grafiken, Tondokumente, Videosequenzen und Texte zu nutzen oder auf lizensfreie Grafiken, Tondokumente, Videosequenzen und Texte zur\u00fcckzugreifen. Das Copyright f\u00fcr ver\u00f6ffentlichte, vom Autor selbst erstellte Objekte bleibt allein beim Autor der Seiten. Eine Vervielf\u00e4ltigung oder Verwendung solcher Grafiken, Tondokumente, Videosequenzen und Texte in anderen elektronischen oder gedruckten Publikationen ist ohne ausdr\u00fcckliche Zustimmung des Autors nicht gestattet.<\/p>\n<p>4. Rechtswirksamkeit des Haftungsausschlusses<br \/>\nDieser Haftungsausschluss ist als Teil des Internetangebotes zu betrachten, von dem aus auf diese Seite verwiesen wurde. Sofern Teile oder einzelne Formulierungen dieses Textes der geltenden Rechtslage nicht, nicht mehr oder nicht vollst\u00e4ndig entsprechen sollten, bleiben die \u00fcbrigen Teile des Dokumentes in ihrem Inhalt und ihrer G\u00fcltigkeit davon unber\u00fchrt.<\/p>\n<p>&#8212;&#8212;&#8212;&#8212;&#8212;&#8212;&#8212;&#8212;&#8212;&#8212;&#8212;&#8212;&#8212;&#8212;&#8212;&#8212;&#8212;&#8212;&#8212;&#8212;&#8212;&#8212;&#8211;<\/p>\n<p>Mit freundlich zugedachten Hinweisen oder Anregungen wenden Sie sich bitte jederzeit telefonisch, schriftlich oder durch email an<\/p>\n<p>W. Westerhold Versicherungsagentur GmbH &amp; Co KG<\/p>\n<p>Tel: 0049 521 911 030<br \/>\nFax: 0049 521 911 03 14<\/p>\n<p>Dornberger Str. 274 a<br \/>\nD-33619 Bielefeld<\/p>\n<p>oder<\/p>\n<p>email: <a href=\"mailto:info@westerhold.de\">info@westerhold.de<\/a><\/p>\n<p><\/span><span id=\"imprintBusiness_AGBLblTxt\">Datenschutzhinweis:<\/span> <span id=\"imprintBusiness_AGBLbl\">Ihre personenbezogenen Daten werden bei uns vertraulich behandelt. Ihre pers\u00f6nlichen Daten, die Sie uns im Rahmen einer Kontaktaufnahme zur Verf\u00fcgung stellen, werden bei uns gespeichert und im Rahmen der Kontaktaufahme verarbeitet. Hier handelt es sich in der Regel um Ihren Namen, Ihre E-Mail-Adresse, Ihre Anschrift, Ihre Telefonnummer oder Telefaxnummer.<\/p>\n<p>Wir nutzen Ihre Daten, um Ihnen attraktive Angebote zusenden zu k\u00f6nnen. Wir nutzen Ihre Daten f\u00fcr eigene Zwecke, geben diese jedoch NICHT an Dritte weiter. Der Nutzung Ihrer pers\u00f6nlichen Daten k\u00f6nnen Sie jederzeit durch schriftliche Mitteilung an uns oder per Mail an uns widersprechen. Nach Erhalt Ihres Widerrufes werden wir die weitere Zusendung von Informationen umgehend einstellen.<\/p>\n<p>Ver\u00e4nderungen unseres Gesch\u00e4ftes sowie Gesetzes\u00e4nderungen k\u00f6nnen unsere Datenschutzbedingungen beeinflussen. Diese werden wir entsprechend aktualisieren und an dieser Stelle ver\u00f6ffentlichen. <\/span><\/span><\/p>\n<p><span style=\"font-family: Arial; font-size: small;\">Datenschutzbeauftragter:<br \/>\nRechtsanwalt Ralph Venghaus<br \/>\nKanzlei Papachristos-Venghaus<br \/>\nTelefon:(0521) 139263<br \/>\nTelefax:(0521) 175805<br \/>\nE-Mail: info@papachristos-venghaus.de<\/span><\/p>\n","protected":false},"excerpt":{"rendered":"<p>Impressum: W. Westerhold Versicherungsagentur GmbH &amp; Co Kg Dornberger Str. 274 a 33619 Bielefeld DE Vertretungsberechtigte: Wulf Westerhold *Gesch\u00e4ftsf\u00fchrer der p.h.G W. Westerhold Agentur GmbH, Dornberger Str. 274 a, 33619 Bielefeld, HRB 36207, AG Bielefeld * Inhaltlich Verantwortlicher gem\u00e4\u00df \u00a7 <a class=\"more-link\" href=\"https:\/\/www.westerhold.de\/?page_id=27\">weiterlesen  <span class=\"screen-reader-text\">  Impressum<\/span><span class=\"meta-nav\">&rarr;<\/span><\/a><\/p>\n","protected":false},"author":3,"featured_media":0,"parent":0,"menu_order":0,"comment_status":"open","ping_status":"closed","template":"","meta":[],"_links":{"self":[{"href":"https:\/\/www.westerhold.de\/index.php?rest_route=\/wp\/v2\/pages\/27"}],"collection":[{"href":"https:\/\/www.westerhold.de\/index.php?rest_route=\/wp\/v2\/pages"}],"about":[{"href":"https:\/\/www.westerhold.de\/index.php?rest_route=\/wp\/v2\/types\/page"}],"author":[{"embeddable":true,"href":"https:\/\/www.westerhold.de\/index.php?rest_route=\/wp\/v2\/users\/3"}],"replies":[{"embeddable":true,"href":"https:\/\/www.westerhold.de\/index.php?rest_route=%2Fwp%2Fv2%2Fcomments&post=27"}],"version-history":[{"count":1,"href":"https:\/\/www.westerhold.de\/index.php?rest_route=\/wp\/v2\/pages\/27\/revisions"}],"predecessor-version":[{"id":28,"href":"https:\/\/www.westerhold.de\/index.php?rest_route=\/wp\/v2\/pages\/27\/revisions\/28"}],"wp:attachment":[{"href":"https:\/\/www.westerhold.de\/index.php?rest_route=%2Fwp%2Fv2%2Fmedia&parent=27"}],"curies":[{"name":"wp","href":"https:\/\/api.w.org\/{rel}","templated":true}]}}