{"id":25,"date":"2014-09-21T20:01:31","date_gmt":"2014-09-21T18:01:31","guid":{"rendered":"http:\/\/westerhold.keinspam.com\/?page_id=25"},"modified":"2015-01-25T18:58:53","modified_gmt":"2015-01-25T16:58:53","slug":"karriere","status":"publish","type":"page","link":"https:\/\/www.westerhold.de\/?page_id=25","title":{"rendered":"Karriere"},"content":{"rendered":"<p><span style=\"font-family: Arial;\">Wir suchen Sie ! Frauen und M\u00e4nner, &#8222;alter Hase&#8220; oder neu in der Branche, die mit uns zusammen Ihre Zukunft gestalten wollen.<\/span><\/p>\n<p><span style=\"font-family: Arial;\">Die\u00a06 wichtigsten Punkte Ihre Karriereplanung bei uns sind:<\/span><\/p>\n<table>\n<tbody>\n<tr>\n<td><span style=\"font-family: Arial;\">Gradlinigkeit<\/span><\/td>\n<td><span style=\"font-family: Arial;\">Teamgeist<\/span><\/td>\n<td><span style=\"font-family: Arial;\">Planung<\/span><\/td>\n<\/tr>\n<tr>\n<td><a href=\"http:\/\/westerhold.keinspam.com\/wp-content\/uploads\/2014\/10\/Geradlinigkeit1.jpg\"><img loading=\"lazy\" class=\"alignnone  wp-image-120\" src=\"http:\/\/westerhold.keinspam.com\/wp-content\/uploads\/2014\/10\/Geradlinigkeit1-300x225.jpg\" alt=\"Geradlinigkeit\" width=\"136\" height=\"103\" srcset=\"https:\/\/www.westerhold.de\/wp-content\/uploads\/2014\/10\/Geradlinigkeit1-300x225.jpg 300w, https:\/\/www.westerhold.de\/wp-content\/uploads\/2014\/10\/Geradlinigkeit1-1024x768.jpg 1024w\" sizes=\"(max-width: 136px) 100vw, 136px\" \/><\/a><\/td>\n<td><a href=\"http:\/\/westerhold.keinspam.com\/wp-content\/uploads\/2014\/10\/Teamgeist.jpg\"><img loading=\"lazy\" class=\"alignnone  wp-image-114\" src=\"http:\/\/westerhold.keinspam.com\/wp-content\/uploads\/2014\/10\/Teamgeist-300x198.jpg\" alt=\"Teamgeist\" width=\"159\" height=\"109\" \/><\/a><\/td>\n<td>\u00a0<span style=\"font-family: Arial; font-size: large;\"><span style=\"text-decoration: underline;\"><a href=\"http:\/\/westerhold.keinspam.com\/wp-content\/uploads\/2014\/09\/Planung.jpg\"><img loading=\"lazy\" class=\"alignnone  wp-image-123\" src=\"http:\/\/westerhold.keinspam.com\/wp-content\/uploads\/2014\/09\/Planung-300x236.jpg\" alt=\"Planung\" width=\"136\" height=\"109\" \/><\/a><\/span><\/span><\/td>\n<\/tr>\n<tr>\n<td><span style=\"font-family: Arial;\">Selbstvertrauen<\/span><\/td>\n<td><span style=\"font-family: Arial;\">Kontaktfreude<\/span><\/td>\n<td><span style=\"font-family: Arial;\">Zielstrebigkeit\u00a0<\/span><\/td>\n<\/tr>\n<tr>\n<td><a href=\"http:\/\/westerhold.keinspam.com\/wp-content\/uploads\/2014\/10\/Selbstvertrauen.jpg\"><img loading=\"lazy\" class=\"alignnone  wp-image-113\" src=\"http:\/\/westerhold.keinspam.com\/wp-content\/uploads\/2014\/10\/Selbstvertrauen-300x198.jpg\" alt=\"Selbstvertrauen\" width=\"159\" height=\"109\" \/><\/a><\/td>\n<td><a href=\"http:\/\/westerhold.keinspam.com\/wp-content\/uploads\/2014\/10\/Kontaktfreude-1.jpg\"><img loading=\"lazy\" class=\"alignnone  wp-image-118\" src=\"http:\/\/westerhold.keinspam.com\/wp-content\/uploads\/2014\/10\/Kontaktfreude-1-300x200.jpg\" alt=\"Kontaktfreude-1\" width=\"159\" height=\"108\" \/><\/a><\/td>\n<td><a href=\"http:\/\/westerhold.keinspam.com\/wp-content\/uploads\/2014\/10\/Zielstrebigkeit.jpg\"><img loading=\"lazy\" class=\"alignnone  wp-image-115\" src=\"http:\/\/westerhold.keinspam.com\/wp-content\/uploads\/2014\/10\/Zielstrebigkeit-300x198.jpg\" alt=\"Zielstrebigkeit\" width=\"159\" height=\"107\" \/><\/a><\/td>\n<\/tr>\n<tr>\n<td><span style=\"font-family: Arial;\">aber auch..<\/span><span style=\"font-family: Arial; font-size: small;\">.<\/span><\/td>\n<td><\/td>\n<td><\/td>\n<\/tr>\n<tr>\n<td><span style=\"font-family: Arial;\">Lebenslust <\/span><\/td>\n<td><span style=\"font-family: Arial;\">Mut<\/span><\/td>\n<td><span style=\"font-family: Arial;\">Ausgelassenheit<\/span><\/td>\n<\/tr>\n<tr>\n<td><a href=\"http:\/\/westerhold.keinspam.com\/wp-content\/uploads\/2014\/09\/Ausgelassenheit.jpg\"><img loading=\"lazy\" class=\"alignnone  wp-image-110\" src=\"http:\/\/westerhold.keinspam.com\/wp-content\/uploads\/2014\/09\/Ausgelassenheit-300x198.jpg\" alt=\"Ausgelassenheit\" width=\"159\" height=\"107\" \/><\/a><\/td>\n<td><a href=\"http:\/\/westerhold.keinspam.com\/wp-content\/uploads\/2014\/09\/Mut.jpg\"><img loading=\"lazy\" class=\"alignnone  wp-image-111\" src=\"http:\/\/westerhold.keinspam.com\/wp-content\/uploads\/2014\/09\/Mut-300x199.jpg\" alt=\"Mut\" width=\"158\" height=\"107\" \/><\/a><\/td>\n<td><a href=\"http:\/\/westerhold.keinspam.com\/wp-content\/uploads\/2014\/09\/Lebensfreude.jpg\"><img loading=\"lazy\" class=\"alignnone  wp-image-109\" src=\"http:\/\/westerhold.keinspam.com\/wp-content\/uploads\/2014\/09\/Lebensfreude-300x199.jpg\" alt=\"Lebensfreude\" width=\"160\" height=\"108\" \/><\/a><\/td>\n<\/tr>\n<\/tbody>\n<\/table>\n<p><span style=\"font-family: Arial;\">Wir bieten\u00a0Ihnen die besondere Atmosph\u00e4re eines Unternehmens, in dem seit jeher die Menschen, also die Mitarbeiter und Kunden im Vordergrund stehen.<\/span><\/p>\n<p><span style=\"font-family: Arial;\">So ist unsere Tradition.<\/span><\/p>\n<p><span style=\"font-family: Arial;\">Regelm\u00e4\u00dfige Weiterbildung, auch durch unsere Partner bei den Versicherungsgesellschaften, sind f\u00fcr uns Unternehmensphilosophie.<\/span><\/p>\n<p><span style=\"font-family: Arial;\">Schulterschluss und Kollegialit\u00e4t in allen beruflichen und zahlreichen privaten Angelegenheiten machen Ihren und unseren Erfolg erst m\u00f6glich. Darauf sind wir stolz.<\/span><\/p>\n<p><span style=\"font-family: Arial;\">Gutes Geld f\u00fcr gute Arbeit.<\/span><\/p>\n<p><span style=\"font-family: Arial;\">Ihr Verdienst:<\/span><\/p>\n<p><span style=\"font-family: Arial;\">Wir sehen mit Genugtuung, unseren Mitarbeiterinnen und Mitarbeitern stets Spitzenprovisionen im Marktvergleich zu zahlreichen Mitwettbewerbern zahlen zu k\u00f6nnen.<\/span><\/p>\n<p><span style=\"font-family: Arial;\">Haben wir Ihr Interesse geweckt ?<\/span><\/p>\n<p><span style=\"font-family: Arial;\">Dann bitten wir um Ihre Bewerbung unter:<\/span><\/p>\n<p><span style=\"font-family: Arial;\">email: <a href=\"mailto:info@westerhold.de\">info@westerhold.de<\/a><\/span><\/p>\n<p><span style=\"font-family: Arial;\">zu H\u00e4nden Herrn Westerhold. Oder nutzen Sie unser <a title=\"Kontakt\" href=\"https:\/\/www.westerhold.de\/?page_id=46\">Kontaktformular<\/a>: Wir melden uns umgehend bei Ihnen<\/span><\/p>\n","protected":false},"excerpt":{"rendered":"<p>Wir suchen Sie ! Frauen und M\u00e4nner, &#8222;alter Hase&#8220; oder neu in der Branche, die mit uns zusammen Ihre Zukunft gestalten wollen. Die\u00a06 wichtigsten Punkte Ihre Karriereplanung bei uns sind: Gradlinigkeit Teamgeist Planung \u00a0 Selbstvertrauen Kontaktfreude Zielstrebigkeit\u00a0 aber auch&#8230; Lebenslust <a class=\"more-link\" href=\"https:\/\/www.westerhold.de\/?page_id=25\">weiterlesen  <span class=\"screen-reader-text\">  Karriere<\/span><span class=\"meta-nav\">&rarr;<\/span><\/a><\/p>\n","protected":false},"author":3,"featured_media":0,"parent":0,"menu_order":0,"comment_status":"closed","ping_status":"closed","template":"","meta":[],"_links":{"self":[{"href":"https:\/\/www.westerhold.de\/index.php?rest_route=\/wp\/v2\/pages\/25"}],"collection":[{"href":"https:\/\/www.westerhold.de\/index.php?rest_route=\/wp\/v2\/pages"}],"about":[{"href":"https:\/\/www.westerhold.de\/index.php?rest_route=\/wp\/v2\/types\/page"}],"author":[{"embeddable":true,"href":"https:\/\/www.westerhold.de\/index.php?rest_route=\/wp\/v2\/users\/3"}],"replies":[{"embeddable":true,"href":"https:\/\/www.westerhold.de\/index.php?rest_route=%2Fwp%2Fv2%2Fcomments&post=25"}],"version-history":[{"count":11,"href":"https:\/\/www.westerhold.de\/index.php?rest_route=\/wp\/v2\/pages\/25\/revisions"}],"predecessor-version":[{"id":200,"href":"https:\/\/www.westerhold.de\/index.php?rest_route=\/wp\/v2\/pages\/25\/revisions\/200"}],"wp:attachment":[{"href":"https:\/\/www.westerhold.de\/index.php?rest_route=%2Fwp%2Fv2%2Fmedia&parent=25"}],"curies":[{"name":"wp","href":"https:\/\/api.w.org\/{rel}","templated":true}]}}