{"id":164,"date":"2014-11-18T16:27:05","date_gmt":"2014-11-18T14:27:05","guid":{"rendered":"http:\/\/westerhold.keinspam.com\/?page_id=164"},"modified":"2014-11-24T15:07:37","modified_gmt":"2014-11-24T13:07:37","slug":"unser-traditionsreiches-familienunternehmen","status":"publish","type":"page","link":"https:\/\/www.westerhold.de\/?page_id=164","title":{"rendered":"Unser traditionsreiches Familienunternehmen"},"content":{"rendered":"<table>\n<tbody>\n<tr>\n<td style=\"text-align: left; vertical-align: top;\">\u00a0<a href=\"http:\/\/westerhold.keinspam.com\/wp-content\/uploads\/2014\/11\/Wilhelm-Westerhold.jpg\"><img loading=\"lazy\" class=\"alignnone size-medium wp-image-160\" src=\"http:\/\/westerhold.keinspam.com\/wp-content\/uploads\/2014\/11\/Wilhelm-Westerhold-191x300.jpg\" alt=\"Wilhelm Westerhold\" width=\"191\" height=\"300\" srcset=\"https:\/\/www.westerhold.de\/wp-content\/uploads\/2014\/11\/Wilhelm-Westerhold-191x300.jpg 191w, https:\/\/www.westerhold.de\/wp-content\/uploads\/2014\/11\/Wilhelm-Westerhold.jpg 342w\" sizes=\"(max-width: 191px) 100vw, 191px\" \/><\/a><\/td>\n<td>Unser traditionsreiches Familienunternehmen wurde am 10. Oktober 1924 von dem Kaufmann<strong>Wilhelm Westerhold <\/strong><\/p>\n<p><strong>* 18.11.1888\u00a0\u00a0 \u2020 14.04.1978<\/strong><\/p>\n<p>gegr\u00fcndet.<br \/>\nHeute sind wir ein modernes Versicherungs- und Finanzdienstleitungsunternehmen mit Stammsitz in Bielefeld sowie der Schwesterfirma Paris in Berlin.<\/td>\n<\/tr>\n<tr>\n<td style=\"text-align: left; vertical-align: top;\">\u00a0<a href=\"http:\/\/westerhold.keinspam.com\/wp-content\/uploads\/2014\/11\/Ella-Westerhold.jpg\"><img loading=\"lazy\" class=\"alignnone size-medium wp-image-157\" src=\"http:\/\/westerhold.keinspam.com\/wp-content\/uploads\/2014\/11\/Ella-Westerhold-183x300.jpg\" alt=\"Ella Westerhold\" width=\"183\" height=\"300\" srcset=\"https:\/\/www.westerhold.de\/wp-content\/uploads\/2014\/11\/Ella-Westerhold-183x300.jpg 183w, https:\/\/www.westerhold.de\/wp-content\/uploads\/2014\/11\/Ella-Westerhold.jpg 328w\" sizes=\"(max-width: 183px) 100vw, 183px\" \/><\/a><\/td>\n<td><strong>Ella Westerhold<\/strong><strong><br \/>\n* 02.01.1902\u00a0\u00a0\u00a0 \u2020 06.04.1963<\/strong>Die zweite Ehefrau und Mitunternehmerin des Firmengr\u00fcnders.Mutter der 3 gemeinsamen Kinder Hilde Ella Westerhold Peters geb. Westerhold, Wilfried Westerhold und Ehrhard Westerhold.<\/td>\n<\/tr>\n<tr>\n<td style=\"text-align: left; vertical-align: top;\">\u00a0<a href=\"http:\/\/westerhold.keinspam.com\/wp-content\/uploads\/2014\/11\/Wilfried-Westerhold.jpg\"><img loading=\"lazy\" class=\"alignnone size-medium wp-image-159\" src=\"http:\/\/westerhold.keinspam.com\/wp-content\/uploads\/2014\/11\/Wilfried-Westerhold-200x300.jpg\" alt=\"Wilfried Westerhold\" width=\"200\" height=\"300\" srcset=\"https:\/\/www.westerhold.de\/wp-content\/uploads\/2014\/11\/Wilfried-Westerhold-200x300.jpg 200w, https:\/\/www.westerhold.de\/wp-content\/uploads\/2014\/11\/Wilfried-Westerhold.jpg 351w\" sizes=\"(max-width: 200px) 100vw, 200px\" \/><\/a><\/td>\n<td>\n<p style=\"text-align: justify;\">\u00a0<strong>Wilfried Westerhold<br \/>\n* 10.04.1935\u00a0\u00a0\u00a0 \u2020 26.04.2001<\/strong><\/p>\n<p>Als erster Sohn des Firmengr\u00fcnders aus der Ehe mit Ella Westerhold f\u00fchrte er das Unternehmen in den 60 er Jahren zusammmen mit seinem Vater.<\/p>\n<p>In den 70 er und 80 er Jahren baute Wilfried Westerhold dann das aus den Sparten Buch-, Zeitschriften und Versicherungsvertrieb bestehende Unternehmen zu einem modernen Dienstleistungshaus um.<\/p>\n<p>Insbesondere stellte er sich den damals revolution\u00e4ren Anf\u00e4ngen der &#8222;elektronischen Datenverarbeitung &#8220; und stellte sowohl die Mitarbeiter als auch die Verwaltung auf die neue Zeit ein. Wilfried Westerhold leitete das Unternehmen aktiv bis 1998 und \u00fcbergab dann die Verantwortung wiederum an seinen Sohn.<br \/>\nBis zu seinem Tot im Jahr 2001 stand er jedoch uneingeschr\u00e4nkt mit seinem Rat und der Erfahrung aus 4 Jahrzehnten in der Branche dem Unternehmen zur Seite.<\/p>\n<p>&nbsp;<\/td>\n<\/tr>\n<tr>\n<td style=\"text-align: left; vertical-align: top;\">\u00a0<a href=\"http:\/\/westerhold.keinspam.com\/wp-content\/uploads\/2014\/11\/Gisela-Westerhold.jpg\"><img loading=\"lazy\" class=\"alignnone size-medium wp-image-165\" src=\"http:\/\/westerhold.keinspam.com\/wp-content\/uploads\/2014\/11\/Gisela-Westerhold-197x300.jpg\" alt=\"Gisela Westerhold\" width=\"197\" height=\"300\" srcset=\"https:\/\/www.westerhold.de\/wp-content\/uploads\/2014\/11\/Gisela-Westerhold-197x300.jpg 197w, https:\/\/www.westerhold.de\/wp-content\/uploads\/2014\/11\/Gisela-Westerhold.jpg 337w\" sizes=\"(max-width: 197px) 100vw, 197px\" \/><\/a><\/td>\n<td>\n<p style=\"text-align: justify;\"><strong>Gisela Westerhold * 12.07.1937<\/strong><\/p>\n<p>Ehefrau und Mitunternehmerin von Wilfried Westerhold<\/p>\n<p>Mutter der 3 gemeinsamen Kinder<br \/>\nBirgit, Tina und Wulf Westerhold<\/p>\n<p>&nbsp;<\/td>\n<\/tr>\n<tr>\n<td style=\"text-align: left; vertical-align: top;\">\u00a0<a href=\"http:\/\/westerhold.keinspam.com\/wp-content\/uploads\/2014\/11\/Wulf-schiff.jpg\"><img loading=\"lazy\" class=\"alignnone  wp-image-192\" src=\"http:\/\/westerhold.keinspam.com\/wp-content\/uploads\/2014\/11\/Wulf-schiff-237x300.jpg\" alt=\"Wulf-schiff\" width=\"203\" height=\"254\" \/><\/a><\/td>\n<td>\n<p style=\"text-align: justify;\">\u00a0<strong>Wulf Westerhold * 13.05.1964<\/strong><\/p>\n<p>Als drittes Kind der Kaufleute Gisela und Wilfried Westerhold und Enkel der Firmengr\u00fcnder Ella und Wilm Westerhold absolvierte er nach dem Abitur am Ratsgymnasium Bielefeld eine Lehre zum Versicherungskaufmann bei der N\u00fcrnberger Versicherung in N\u00fcrnberg.<\/p>\n<p>1988 trat er in das Unternehmen in Bielefeld ein, dessen Leitung er im Unternehmensbereich Versicherungen zusammen mit seinem Vater ab 1990 \u00fcbernahm.<\/p>\n<p style=\"text-align: justify;\">Ab 1998 ist er f\u00fcr die neu gegr\u00fcndete W. Westerhold Versicherungsagentur GmbH &amp; Co KG und die Westerhold Agentur GmbH als Inhaber und Gesch\u00e4ftsf\u00fchrer t\u00e4tig.<\/p>\n<p>&nbsp;<\/td>\n<\/tr>\n<tr>\n<td style=\"text-align: left; vertical-align: top;\">\u00a0<a href=\"http:\/\/westerhold.keinspam.com\/wp-content\/uploads\/2014\/11\/Wyn-Westerhold.jpg\"><img loading=\"lazy\" class=\"alignnone size-medium wp-image-158\" src=\"http:\/\/westerhold.keinspam.com\/wp-content\/uploads\/2014\/11\/Wyn-Westerhold-192x300.jpg\" alt=\"Wyn Westerhold\" width=\"192\" height=\"300\" srcset=\"https:\/\/www.westerhold.de\/wp-content\/uploads\/2014\/11\/Wyn-Westerhold-192x300.jpg 192w, https:\/\/www.westerhold.de\/wp-content\/uploads\/2014\/11\/Wyn-Westerhold.jpg 319w\" sizes=\"(max-width: 192px) 100vw, 192px\" \/><\/a><\/td>\n<td>\u00a0<strong>Wyn Westerhold * 25.05.2003<\/strong><br \/>\n&#8230; na, schau`n wir mal.<\/td>\n<\/tr>\n<\/tbody>\n<\/table>\n<p>&nbsp;<\/p>\n","protected":false},"excerpt":{"rendered":"<p>\u00a0 Unser traditionsreiches Familienunternehmen wurde am 10. Oktober 1924 von dem KaufmannWilhelm Westerhold * 18.11.1888\u00a0\u00a0 \u2020 14.04.1978 gegr\u00fcndet. Heute sind wir ein modernes Versicherungs- und Finanzdienstleitungsunternehmen mit Stammsitz in Bielefeld sowie der Schwesterfirma Paris in Berlin. \u00a0 Ella Westerhold * <a class=\"more-link\" href=\"https:\/\/www.westerhold.de\/?page_id=164\">weiterlesen  <span class=\"screen-reader-text\">  Unser traditionsreiches Familienunternehmen<\/span><span class=\"meta-nav\">&rarr;<\/span><\/a><\/p>\n","protected":false},"author":2,"featured_media":0,"parent":0,"menu_order":0,"comment_status":"closed","ping_status":"closed","template":"","meta":[],"_links":{"self":[{"href":"https:\/\/www.westerhold.de\/index.php?rest_route=\/wp\/v2\/pages\/164"}],"collection":[{"href":"https:\/\/www.westerhold.de\/index.php?rest_route=\/wp\/v2\/pages"}],"about":[{"href":"https:\/\/www.westerhold.de\/index.php?rest_route=\/wp\/v2\/types\/page"}],"author":[{"embeddable":true,"href":"https:\/\/www.westerhold.de\/index.php?rest_route=\/wp\/v2\/users\/2"}],"replies":[{"embeddable":true,"href":"https:\/\/www.westerhold.de\/index.php?rest_route=%2Fwp%2Fv2%2Fcomments&post=164"}],"version-history":[{"count":20,"href":"https:\/\/www.westerhold.de\/index.php?rest_route=\/wp\/v2\/pages\/164\/revisions"}],"predecessor-version":[{"id":194,"href":"https:\/\/www.westerhold.de\/index.php?rest_route=\/wp\/v2\/pages\/164\/revisions\/194"}],"wp:attachment":[{"href":"https:\/\/www.westerhold.de\/index.php?rest_route=%2Fwp%2Fv2%2Fmedia&parent=164"}],"curies":[{"name":"wp","href":"https:\/\/api.w.org\/{rel}","templated":true}]}}